{"id":20001,"date":"2024-07-02T18:40:06","date_gmt":"2024-07-02T18:40:06","guid":{"rendered":"https:\/\/linkeducation.ca\/study\/?page_id=20001"},"modified":"2024-07-22T15:27:35","modified_gmt":"2024-07-22T15:27:35","slug":"acsenda-school-of-management","status":"publish","type":"page","link":"https:\/\/linkeducation.ca\/study\/colleges\/british-columbia\/acsenda-school-of-management\/","title":{"rendered":"Acsenda School of Management"},"content":{"rendered":"\t\t<div data-elementor-type=\"wp-page\" data-elementor-id=\"20001\" class=\"elementor elementor-20001\">\n\t\t\t\t\t\t<section class=\"elementor-section elementor-top-section elementor-element elementor-element-3c909f2 elementor-section-boxed elementor-section-height-default elementor-section-height-default\" data-id=\"3c909f2\" data-element_type=\"section\">\n\t\t\t\t\t\t<div class=\"elementor-container elementor-column-gap-extended\">\n\t\t\t\t\t<div class=\"elementor-column elementor-col-50 elementor-top-column elementor-element elementor-element-b3b3431\" data-id=\"b3b3431\" data-element_type=\"column\">\n\t\t\t<div class=\"elementor-widget-wrap elementor-element-populated\">\n\t\t\t\t\t\t<div class=\"elementor-element elementor-element-b929011 elementor-invisible elementor-widget elementor-widget-edublink-heading\" data-id=\"b929011\" data-element_type=\"widget\" data-settings=\"{&quot;_animation&quot;:&quot;edublink--slide-up&quot;,&quot;_animation_delay&quot;:150}\" data-widget_type=\"edublink-heading.default\">\n\t\t\t\t<div class=\"elementor-widget-container\">\n\t\t\t<div class=\"edublink-section-heading\"><span class=\"pre-heading\">COLLEGE<\/span><h3 class=\"heading\">ACSENDA SCHOOL<br>OF MANAGEMENT<\/h3><div class=\"title-shape\"><i class=\"icon-19\"><\/i><\/div><div class=\"sub-heading\"><p>Acsenda School of Management es una instituci\u00f3n privada con fines de lucro con sede en Vancouver. El campus actual est\u00e1 ubicado en 666 Burrard Street.\u00a0<\/p><p>La instituci\u00f3n cuenta con el consentimiento del Ministro de Educaci\u00f3n Avanzada para ofrecer los programas de Licenciatura en Administraci\u00f3n de Empresas (BBA) y Licenciatura en Administraci\u00f3n Hotelera (BHM).<\/p><\/div><\/div>\t\t<\/div>\n\t\t\t\t<\/div>\n\t\t\t\t\t<\/div>\n\t\t<\/div>\n\t\t\t\t<div class=\"elementor-column elementor-col-50 elementor-top-column elementor-element elementor-element-fcb0e38 elementor-invisible\" data-id=\"fcb0e38\" data-element_type=\"column\" data-settings=\"{&quot;animation&quot;:&quot;slide-left&quot;,&quot;animation_delay&quot;:50}\">\n\t\t\t<div class=\"elementor-widget-wrap elementor-element-populated\">\n\t\t\t\t\t\t<div class=\"elementor-element elementor-element-12fb151 elementor-widget elementor-widget-image\" data-id=\"12fb151\" data-element_type=\"widget\" data-widget_type=\"image.default\">\n\t\t\t\t<div class=\"elementor-widget-container\">\n\t\t\t<style>\/*! elementor - v3.22.0 - 17-06-2024 *\/\n.elementor-widget-image{text-align:center}.elementor-widget-image a{display:inline-block}.elementor-widget-image a img[src$=\".svg\"]{width:48px}.elementor-widget-image img{vertical-align:middle;display:inline-block}<\/style>\t\t\t\t\t\t\t\t\t\t<img fetchpriority=\"high\" decoding=\"async\" width=\"640\" height=\"422\" src=\"https:\/\/linkeducation.ca\/study\/wp-content\/uploads\/2024\/07\/ACSENDA-SCHOOL.png\" class=\"attachment-large size-large wp-image-20005\" alt=\"\" srcset=\"https:\/\/linkeducation.ca\/study\/wp-content\/uploads\/2024\/07\/ACSENDA-SCHOOL.png 1000w, https:\/\/linkeducation.ca\/study\/wp-content\/uploads\/2024\/07\/ACSENDA-SCHOOL-300x198.png 300w, https:\/\/linkeducation.ca\/study\/wp-content\/uploads\/2024\/07\/ACSENDA-SCHOOL-768x507.png 768w\" sizes=\"(max-width: 640px) 100vw, 640px\" \/>\t\t\t\t\t\t\t\t\t\t\t\t\t<\/div>\n\t\t\t\t<\/div>\n\t\t\t\t\t<\/div>\n\t\t<\/div>\n\t\t\t\t\t<\/div>\n\t\t<\/section>\n\t\t\t\t<section class=\"elementor-section elementor-top-section elementor-element elementor-element-5afc115 elementor-section-boxed elementor-section-height-default elementor-section-height-default\" data-id=\"5afc115\" data-element_type=\"section\" data-settings=\"{&quot;background_background&quot;:&quot;classic&quot;}\">\n\t\t\t\t\t\t<div class=\"elementor-container elementor-column-gap-extended\">\n\t\t\t\t\t<div class=\"elementor-column elementor-col-50 elementor-top-column elementor-element elementor-element-10e58c7 elementor-invisible\" data-id=\"10e58c7\" data-element_type=\"column\" data-settings=\"{&quot;animation&quot;:&quot;slide-left&quot;,&quot;animation_delay&quot;:50}\">\n\t\t\t<div class=\"elementor-widget-wrap elementor-element-populated\">\n\t\t\t\t\t\t<div class=\"elementor-element elementor-element-3119b7d elementor-widget elementor-widget-heading\" data-id=\"3119b7d\" data-element_type=\"widget\" data-widget_type=\"heading.default\">\n\t\t\t\t<div class=\"elementor-widget-container\">\n\t\t\t<style>\/*! elementor - v3.22.0 - 17-06-2024 *\/\n.elementor-heading-title{padding:0;margin:0;line-height:1}.elementor-widget-heading .elementor-heading-title[class*=elementor-size-]>a{color:inherit;font-size:inherit;line-height:inherit}.elementor-widget-heading .elementor-heading-title.elementor-size-small{font-size:15px}.elementor-widget-heading .elementor-heading-title.elementor-size-medium{font-size:19px}.elementor-widget-heading .elementor-heading-title.elementor-size-large{font-size:29px}.elementor-widget-heading .elementor-heading-title.elementor-size-xl{font-size:39px}.elementor-widget-heading .elementor-heading-title.elementor-size-xxl{font-size:59px}<\/style><p class=\"elementor-heading-title elementor-size-default\">Las \u00e1reas tem\u00e1ticas que se ofrecen son<\/p>\t\t<\/div>\n\t\t\t\t<\/div>\n\t\t\t\t<div class=\"elementor-element elementor-element-bf5591f elementor-icon-list--layout-traditional elementor-list-item-link-full_width elementor-widget elementor-widget-icon-list\" data-id=\"bf5591f\" data-element_type=\"widget\" data-widget_type=\"icon-list.default\">\n\t\t\t\t<div class=\"elementor-widget-container\">\n\t\t\t<link rel=\"stylesheet\" href=\"https:\/\/linkeducation.ca\/study\/wp-content\/plugins\/elementor\/assets\/css\/widget-icon-list.min.css\">\t\t<ul class=\"elementor-icon-list-items\">\n\t\t\t\t\t\t\t<li class=\"elementor-icon-list-item\">\n\t\t\t\t\t\t\t\t\t\t\t<span class=\"elementor-icon-list-icon\">\n\t\t\t\t\t\t\t<svg aria-hidden=\"true\" class=\"e-font-icon-svg e-fas-check\" viewBox=\"0 0 512 512\" xmlns=\"http:\/\/www.w3.org\/2000\/svg\"><path d=\"M173.898 439.404l-166.4-166.4c-9.997-9.997-9.997-26.206 0-36.204l36.203-36.204c9.997-9.998 26.207-9.998 36.204 0L192 312.69 432.095 72.596c9.997-9.997 26.207-9.997 36.204 0l36.203 36.204c9.997 9.997 9.997 26.206 0 36.204l-294.4 294.401c-9.998 9.997-26.207 9.997-36.204-.001z\"><\/path><\/svg>\t\t\t\t\t\t<\/span>\n\t\t\t\t\t\t\t\t\t\t<span class=\"elementor-icon-list-text\">Recursos humanos<\/span>\n\t\t\t\t\t\t\t\t\t<\/li>\n\t\t\t\t\t\t\t\t<li class=\"elementor-icon-list-item\">\n\t\t\t\t\t\t\t\t\t\t\t<span class=\"elementor-icon-list-icon\">\n\t\t\t\t\t\t\t<svg aria-hidden=\"true\" class=\"e-font-icon-svg e-fas-check\" viewBox=\"0 0 512 512\" xmlns=\"http:\/\/www.w3.org\/2000\/svg\"><path d=\"M173.898 439.404l-166.4-166.4c-9.997-9.997-9.997-26.206 0-36.204l36.203-36.204c9.997-9.998 26.207-9.998 36.204 0L192 312.69 432.095 72.596c9.997-9.997 26.207-9.997 36.204 0l36.203 36.204c9.997 9.997 9.997 26.206 0 36.204l-294.4 294.401c-9.998 9.997-26.207 9.997-36.204-.001z\"><\/path><\/svg>\t\t\t\t\t\t<\/span>\n\t\t\t\t\t\t\t\t\t\t<span class=\"elementor-icon-list-text\">Marketing<\/span>\n\t\t\t\t\t\t\t\t\t<\/li>\n\t\t\t\t\t\t\t\t<li class=\"elementor-icon-list-item\">\n\t\t\t\t\t\t\t\t\t\t\t<span class=\"elementor-icon-list-icon\">\n\t\t\t\t\t\t\t<svg aria-hidden=\"true\" class=\"e-font-icon-svg e-fas-check\" viewBox=\"0 0 512 512\" xmlns=\"http:\/\/www.w3.org\/2000\/svg\"><path d=\"M173.898 439.404l-166.4-166.4c-9.997-9.997-9.997-26.206 0-36.204l36.203-36.204c9.997-9.998 26.207-9.998 36.204 0L192 312.69 432.095 72.596c9.997-9.997 26.207-9.997 36.204 0l36.203 36.204c9.997 9.997 9.997 26.206 0 36.204l-294.4 294.401c-9.998 9.997-26.207 9.997-36.204-.001z\"><\/path><\/svg>\t\t\t\t\t\t<\/span>\n\t\t\t\t\t\t\t\t\t\t<span class=\"elementor-icon-list-text\">Contabilidad<\/span>\n\t\t\t\t\t\t\t\t\t<\/li>\n\t\t\t\t\t\t\t\t<li class=\"elementor-icon-list-item\">\n\t\t\t\t\t\t\t\t\t\t\t<span class=\"elementor-icon-list-icon\">\n\t\t\t\t\t\t\t<svg aria-hidden=\"true\" class=\"e-font-icon-svg e-fas-check\" viewBox=\"0 0 512 512\" xmlns=\"http:\/\/www.w3.org\/2000\/svg\"><path d=\"M173.898 439.404l-166.4-166.4c-9.997-9.997-9.997-26.206 0-36.204l36.203-36.204c9.997-9.998 26.207-9.998 36.204 0L192 312.69 432.095 72.596c9.997-9.997 26.207-9.997 36.204 0l36.203 36.204c9.997 9.997 9.997 26.206 0 36.204l-294.4 294.401c-9.998 9.997-26.207 9.997-36.204-.001z\"><\/path><\/svg>\t\t\t\t\t\t<\/span>\n\t\t\t\t\t\t\t\t\t\t<span class=\"elementor-icon-list-text\">Negocios internacionales<\/span>\n\t\t\t\t\t\t\t\t\t<\/li>\n\t\t\t\t\t\t\t\t<li class=\"elementor-icon-list-item\">\n\t\t\t\t\t\t\t\t\t\t\t<span class=\"elementor-icon-list-icon\">\n\t\t\t\t\t\t\t<svg aria-hidden=\"true\" class=\"e-font-icon-svg e-fas-check\" viewBox=\"0 0 512 512\" xmlns=\"http:\/\/www.w3.org\/2000\/svg\"><path d=\"M173.898 439.404l-166.4-166.4c-9.997-9.997-9.997-26.206 0-36.204l36.203-36.204c9.997-9.998 26.207-9.998 36.204 0L192 312.69 432.095 72.596c9.997-9.997 26.207-9.997 36.204 0l36.203 36.204c9.997 9.997 9.997 26.206 0 36.204l-294.4 294.401c-9.998 9.997-26.207 9.997-36.204-.001z\"><\/path><\/svg>\t\t\t\t\t\t<\/span>\n\t\t\t\t\t\t\t\t\t\t<span class=\"elementor-icon-list-text\">Negocios generales<\/span>\n\t\t\t\t\t\t\t\t\t<\/li>\n\t\t\t\t\t\t\t\t<li class=\"elementor-icon-list-item\">\n\t\t\t\t\t\t\t\t\t\t\t<span class=\"elementor-icon-list-icon\">\n\t\t\t\t\t\t\t<svg aria-hidden=\"true\" class=\"e-font-icon-svg e-fas-check\" viewBox=\"0 0 512 512\" xmlns=\"http:\/\/www.w3.org\/2000\/svg\"><path d=\"M173.898 439.404l-166.4-166.4c-9.997-9.997-9.997-26.206 0-36.204l36.203-36.204c9.997-9.998 26.207-9.998 36.204 0L192 312.69 432.095 72.596c9.997-9.997 26.207-9.997 36.204 0l36.203 36.204c9.997 9.997 9.997 26.206 0 36.204l-294.4 294.401c-9.998 9.997-26.207 9.997-36.204-.001z\"><\/path><\/svg>\t\t\t\t\t\t<\/span>\n\t\t\t\t\t\t\t\t\t\t<span class=\"elementor-icon-list-text\">Gesti\u00f3n financiera<\/span>\n\t\t\t\t\t\t\t\t\t<\/li>\n\t\t\t\t\t\t\t\t<li class=\"elementor-icon-list-item\">\n\t\t\t\t\t\t\t\t\t\t\t<span class=\"elementor-icon-list-icon\">\n\t\t\t\t\t\t\t<svg aria-hidden=\"true\" class=\"e-font-icon-svg e-fas-check\" viewBox=\"0 0 512 512\" xmlns=\"http:\/\/www.w3.org\/2000\/svg\"><path d=\"M173.898 439.404l-166.4-166.4c-9.997-9.997-9.997-26.206 0-36.204l36.203-36.204c9.997-9.998 26.207-9.998 36.204 0L192 312.69 432.095 72.596c9.997-9.997 26.207-9.997 36.204 0l36.203 36.204c9.997 9.997 9.997 26.206 0 36.204l-294.4 294.401c-9.998 9.997-26.207 9.997-36.204-.001z\"><\/path><\/svg>\t\t\t\t\t\t<\/span>\n\t\t\t\t\t\t\t\t\t\t<span class=\"elementor-icon-list-text\">Administraci\u00f3n Hotelera<\/span>\n\t\t\t\t\t\t\t\t\t<\/li>\n\t\t\t\t\t\t<\/ul>\n\t\t\t\t<\/div>\n\t\t\t\t<\/div>\n\t\t\t\t\t<\/div>\n\t\t<\/div>\n\t\t\t\t<div class=\"elementor-column elementor-col-50 elementor-top-column elementor-element elementor-element-b970c0c\" data-id=\"b970c0c\" data-element_type=\"column\">\n\t\t\t<div class=\"elementor-widget-wrap elementor-element-populated\">\n\t\t\t\t\t\t<div class=\"elementor-element elementor-element-4341f72 elementor-widget elementor-widget-text-editor\" data-id=\"4341f72\" data-element_type=\"widget\" data-widget_type=\"text-editor.default\">\n\t\t\t\t<div class=\"elementor-widget-container\">\n\t\t\t<style>\/*! elementor - v3.22.0 - 17-06-2024 *\/\n.elementor-widget-text-editor.elementor-drop-cap-view-stacked .elementor-drop-cap{background-color:#69727d;color:#fff}.elementor-widget-text-editor.elementor-drop-cap-view-framed .elementor-drop-cap{color:#69727d;border:3px solid;background-color:transparent}.elementor-widget-text-editor:not(.elementor-drop-cap-view-default) .elementor-drop-cap{margin-top:8px}.elementor-widget-text-editor:not(.elementor-drop-cap-view-default) .elementor-drop-cap-letter{width:1em;height:1em}.elementor-widget-text-editor .elementor-drop-cap{float:left;text-align:center;line-height:1;font-size:50px}.elementor-widget-text-editor .elementor-drop-cap-letter{display:inline-block}<\/style>\t\t\t\t<p>INFORMACI\u00d3N:<br \/>Creado: <strong>2015<\/strong><br \/>Presidente: <strong>Neil Mort<\/strong><br \/>Ubicaci\u00f3n: <strong>Vancouver, Columbia Brit\u00e1nica<\/strong><br \/>Web: <a href=\"http:\/\/www.acsenda.com\/\" target=\"_blank\" rel=\"noopener\"><strong>acsenda.com<\/strong><\/a><\/p><p><img decoding=\"async\" class=\"alignnone wp-image-19860 size-large lazyload\" data-src=\"https:\/\/paginasweblima.net.pe\/edubridge\/wp-content\/uploads\/2024\/07\/FAVICON-LETS-STUDY_7-1024x168.png\" alt=\"\" width=\"1024\" height=\"168\" data-srcset=\"https:\/\/linkeducation.ca\/study\/wp-content\/uploads\/2024\/07\/FAVICON-LETS-STUDY_7-1024x168.png 1024w, https:\/\/linkeducation.ca\/study\/wp-content\/uploads\/2024\/07\/FAVICON-LETS-STUDY_7-300x49.png 300w, https:\/\/linkeducation.ca\/study\/wp-content\/uploads\/2024\/07\/FAVICON-LETS-STUDY_7-768x126.png 768w, https:\/\/linkeducation.ca\/study\/wp-content\/uploads\/2024\/07\/FAVICON-LETS-STUDY_7-1536x251.png 1536w, https:\/\/linkeducation.ca\/study\/wp-content\/uploads\/2024\/07\/FAVICON-LETS-STUDY_7-2048x335.png 2048w\" data-sizes=\"(max-width: 1024px) 100vw, 1024px\" src=\"data:image\/gif;base64,R0lGODlhAQABAAAAACH5BAEKAAEALAAAAAABAAEAAAICTAEAOw==\" style=\"--smush-placeholder-width: 1024px; --smush-placeholder-aspect-ratio: 1024\/168;\" \/><noscript><img decoding=\"async\" class=\"alignnone wp-image-19860 size-large\" src=\"https:\/\/paginasweblima.net.pe\/edubridge\/wp-content\/uploads\/2024\/07\/FAVICON-LETS-STUDY_7-1024x168.png\" alt=\"\" width=\"1024\" height=\"168\" srcset=\"https:\/\/linkeducation.ca\/study\/wp-content\/uploads\/2024\/07\/FAVICON-LETS-STUDY_7-1024x168.png 1024w, https:\/\/linkeducation.ca\/study\/wp-content\/uploads\/2024\/07\/FAVICON-LETS-STUDY_7-300x49.png 300w, https:\/\/linkeducation.ca\/study\/wp-content\/uploads\/2024\/07\/FAVICON-LETS-STUDY_7-768x126.png 768w, https:\/\/linkeducation.ca\/study\/wp-content\/uploads\/2024\/07\/FAVICON-LETS-STUDY_7-1536x251.png 1536w, https:\/\/linkeducation.ca\/study\/wp-content\/uploads\/2024\/07\/FAVICON-LETS-STUDY_7-2048x335.png 2048w\" sizes=\"(max-width: 1024px) 100vw, 1024px\" \/><\/noscript><\/p>\t\t\t\t\t\t<\/div>\n\t\t\t\t<\/div>\n\t\t\t\t\t<\/div>\n\t\t<\/div>\n\t\t\t\t\t<\/div>\n\t\t<\/section>\n\t\t<div class=\"elementor-element elementor-element-613d9ee e-grid e-con-full e-con e-parent\" data-id=\"613d9ee\" data-element_type=\"container\">\n\t\t\t\t<div class=\"elementor-element elementor-element-1279082 elementor-widget elementor-widget-image\" data-id=\"1279082\" data-element_type=\"widget\" data-widget_type=\"image.default\">\n\t\t\t\t<div class=\"elementor-widget-container\">\n\t\t\t\t\t\t\t\t\t\t\t\t\t<img decoding=\"async\" width=\"1470\" height=\"980\" data-src=\"https:\/\/linkeducation.ca\/study\/wp-content\/uploads\/2024\/07\/ACSENDA-SCHOOL_01.jpg\" class=\"attachment-full size-full wp-image-20006 lazyload\" alt=\"\" data-srcset=\"https:\/\/linkeducation.ca\/study\/wp-content\/uploads\/2024\/07\/ACSENDA-SCHOOL_01.jpg 1470w, https:\/\/linkeducation.ca\/study\/wp-content\/uploads\/2024\/07\/ACSENDA-SCHOOL_01-300x200.jpg 300w, https:\/\/linkeducation.ca\/study\/wp-content\/uploads\/2024\/07\/ACSENDA-SCHOOL_01-1024x683.jpg 1024w, https:\/\/linkeducation.ca\/study\/wp-content\/uploads\/2024\/07\/ACSENDA-SCHOOL_01-768x512.jpg 768w\" data-sizes=\"(max-width: 1470px) 100vw, 1470px\" src=\"data:image\/gif;base64,R0lGODlhAQABAAAAACH5BAEKAAEALAAAAAABAAEAAAICTAEAOw==\" style=\"--smush-placeholder-width: 1470px; --smush-placeholder-aspect-ratio: 1470\/980;\" \/><noscript><img decoding=\"async\" width=\"1470\" height=\"980\" src=\"https:\/\/linkeducation.ca\/study\/wp-content\/uploads\/2024\/07\/ACSENDA-SCHOOL_01.jpg\" class=\"attachment-full size-full wp-image-20006\" alt=\"\" srcset=\"https:\/\/linkeducation.ca\/study\/wp-content\/uploads\/2024\/07\/ACSENDA-SCHOOL_01.jpg 1470w, https:\/\/linkeducation.ca\/study\/wp-content\/uploads\/2024\/07\/ACSENDA-SCHOOL_01-300x200.jpg 300w, https:\/\/linkeducation.ca\/study\/wp-content\/uploads\/2024\/07\/ACSENDA-SCHOOL_01-1024x683.jpg 1024w, https:\/\/linkeducation.ca\/study\/wp-content\/uploads\/2024\/07\/ACSENDA-SCHOOL_01-768x512.jpg 768w\" sizes=\"(max-width: 1470px) 100vw, 1470px\" \/><\/noscript>\t\t\t\t\t\t\t\t\t\t\t\t\t<\/div>\n\t\t\t\t<\/div>\n\t\t\t\t<div class=\"elementor-element elementor-element-4385164 elementor-widget elementor-widget-image\" data-id=\"4385164\" data-element_type=\"widget\" data-widget_type=\"image.default\">\n\t\t\t\t<div class=\"elementor-widget-container\">\n\t\t\t\t\t\t\t\t\t\t\t\t\t<img loading=\"lazy\" decoding=\"async\" width=\"1470\" height=\"980\" data-src=\"https:\/\/linkeducation.ca\/study\/wp-content\/uploads\/2024\/07\/ACSENDA-SCHOOL_02.jpg\" class=\"attachment-full size-full wp-image-20007 lazyload\" alt=\"\" data-srcset=\"https:\/\/linkeducation.ca\/study\/wp-content\/uploads\/2024\/07\/ACSENDA-SCHOOL_02.jpg 1470w, https:\/\/linkeducation.ca\/study\/wp-content\/uploads\/2024\/07\/ACSENDA-SCHOOL_02-300x200.jpg 300w, https:\/\/linkeducation.ca\/study\/wp-content\/uploads\/2024\/07\/ACSENDA-SCHOOL_02-1024x683.jpg 1024w, https:\/\/linkeducation.ca\/study\/wp-content\/uploads\/2024\/07\/ACSENDA-SCHOOL_02-768x512.jpg 768w\" data-sizes=\"(max-width: 1470px) 100vw, 1470px\" src=\"data:image\/gif;base64,R0lGODlhAQABAAAAACH5BAEKAAEALAAAAAABAAEAAAICTAEAOw==\" style=\"--smush-placeholder-width: 1470px; --smush-placeholder-aspect-ratio: 1470\/980;\" \/><noscript><img loading=\"lazy\" decoding=\"async\" width=\"1470\" height=\"980\" src=\"https:\/\/linkeducation.ca\/study\/wp-content\/uploads\/2024\/07\/ACSENDA-SCHOOL_02.jpg\" class=\"attachment-full size-full wp-image-20007\" alt=\"\" srcset=\"https:\/\/linkeducation.ca\/study\/wp-content\/uploads\/2024\/07\/ACSENDA-SCHOOL_02.jpg 1470w, https:\/\/linkeducation.ca\/study\/wp-content\/uploads\/2024\/07\/ACSENDA-SCHOOL_02-300x200.jpg 300w, https:\/\/linkeducation.ca\/study\/wp-content\/uploads\/2024\/07\/ACSENDA-SCHOOL_02-1024x683.jpg 1024w, https:\/\/linkeducation.ca\/study\/wp-content\/uploads\/2024\/07\/ACSENDA-SCHOOL_02-768x512.jpg 768w\" sizes=\"(max-width: 1470px) 100vw, 1470px\" \/><\/noscript>\t\t\t\t\t\t\t\t\t\t\t\t\t<\/div>\n\t\t\t\t<\/div>\n\t\t\t\t<div class=\"elementor-element elementor-element-6bc50a3 elementor-widget elementor-widget-image\" data-id=\"6bc50a3\" data-element_type=\"widget\" data-widget_type=\"image.default\">\n\t\t\t\t<div class=\"elementor-widget-container\">\n\t\t\t\t\t\t\t\t\t\t\t\t\t<img loading=\"lazy\" decoding=\"async\" width=\"1470\" height=\"980\" data-src=\"https:\/\/linkeducation.ca\/study\/wp-content\/uploads\/2024\/07\/ACSENDA-SCHOOL_03.jpg\" class=\"attachment-full size-full wp-image-20008 lazyload\" alt=\"\" data-srcset=\"https:\/\/linkeducation.ca\/study\/wp-content\/uploads\/2024\/07\/ACSENDA-SCHOOL_03.jpg 1470w, https:\/\/linkeducation.ca\/study\/wp-content\/uploads\/2024\/07\/ACSENDA-SCHOOL_03-300x200.jpg 300w, https:\/\/linkeducation.ca\/study\/wp-content\/uploads\/2024\/07\/ACSENDA-SCHOOL_03-1024x683.jpg 1024w, https:\/\/linkeducation.ca\/study\/wp-content\/uploads\/2024\/07\/ACSENDA-SCHOOL_03-768x512.jpg 768w\" data-sizes=\"(max-width: 1470px) 100vw, 1470px\" src=\"data:image\/gif;base64,R0lGODlhAQABAAAAACH5BAEKAAEALAAAAAABAAEAAAICTAEAOw==\" style=\"--smush-placeholder-width: 1470px; --smush-placeholder-aspect-ratio: 1470\/980;\" \/><noscript><img loading=\"lazy\" decoding=\"async\" width=\"1470\" height=\"980\" src=\"https:\/\/linkeducation.ca\/study\/wp-content\/uploads\/2024\/07\/ACSENDA-SCHOOL_03.jpg\" class=\"attachment-full size-full wp-image-20008\" alt=\"\" srcset=\"https:\/\/linkeducation.ca\/study\/wp-content\/uploads\/2024\/07\/ACSENDA-SCHOOL_03.jpg 1470w, https:\/\/linkeducation.ca\/study\/wp-content\/uploads\/2024\/07\/ACSENDA-SCHOOL_03-300x200.jpg 300w, https:\/\/linkeducation.ca\/study\/wp-content\/uploads\/2024\/07\/ACSENDA-SCHOOL_03-1024x683.jpg 1024w, https:\/\/linkeducation.ca\/study\/wp-content\/uploads\/2024\/07\/ACSENDA-SCHOOL_03-768x512.jpg 768w\" sizes=\"(max-width: 1470px) 100vw, 1470px\" \/><\/noscript>\t\t\t\t\t\t\t\t\t\t\t\t\t<\/div>\n\t\t\t\t<\/div>\n\t\t\t\t<div class=\"elementor-element elementor-element-08ee3f4 elementor-widget elementor-widget-image\" data-id=\"08ee3f4\" data-element_type=\"widget\" data-widget_type=\"image.default\">\n\t\t\t\t<div class=\"elementor-widget-container\">\n\t\t\t\t\t\t\t\t\t\t\t\t\t<img loading=\"lazy\" decoding=\"async\" width=\"1470\" height=\"980\" data-src=\"https:\/\/linkeducation.ca\/study\/wp-content\/uploads\/2024\/07\/ACSENDA-SCHOOL_04.jpg\" class=\"attachment-full size-full wp-image-20009 lazyload\" alt=\"\" data-srcset=\"https:\/\/linkeducation.ca\/study\/wp-content\/uploads\/2024\/07\/ACSENDA-SCHOOL_04.jpg 1470w, https:\/\/linkeducation.ca\/study\/wp-content\/uploads\/2024\/07\/ACSENDA-SCHOOL_04-300x200.jpg 300w, https:\/\/linkeducation.ca\/study\/wp-content\/uploads\/2024\/07\/ACSENDA-SCHOOL_04-1024x683.jpg 1024w, https:\/\/linkeducation.ca\/study\/wp-content\/uploads\/2024\/07\/ACSENDA-SCHOOL_04-768x512.jpg 768w\" data-sizes=\"(max-width: 1470px) 100vw, 1470px\" src=\"data:image\/gif;base64,R0lGODlhAQABAAAAACH5BAEKAAEALAAAAAABAAEAAAICTAEAOw==\" style=\"--smush-placeholder-width: 1470px; --smush-placeholder-aspect-ratio: 1470\/980;\" \/><noscript><img loading=\"lazy\" decoding=\"async\" width=\"1470\" height=\"980\" src=\"https:\/\/linkeducation.ca\/study\/wp-content\/uploads\/2024\/07\/ACSENDA-SCHOOL_04.jpg\" class=\"attachment-full size-full wp-image-20009\" alt=\"\" srcset=\"https:\/\/linkeducation.ca\/study\/wp-content\/uploads\/2024\/07\/ACSENDA-SCHOOL_04.jpg 1470w, https:\/\/linkeducation.ca\/study\/wp-content\/uploads\/2024\/07\/ACSENDA-SCHOOL_04-300x200.jpg 300w, https:\/\/linkeducation.ca\/study\/wp-content\/uploads\/2024\/07\/ACSENDA-SCHOOL_04-1024x683.jpg 1024w, https:\/\/linkeducation.ca\/study\/wp-content\/uploads\/2024\/07\/ACSENDA-SCHOOL_04-768x512.jpg 768w\" sizes=\"(max-width: 1470px) 100vw, 1470px\" \/><\/noscript>\t\t\t\t\t\t\t\t\t\t\t\t\t<\/div>\n\t\t\t\t<\/div>\n\t\t\t\t<\/div>\n\t\t<div class=\"elementor-element elementor-element-e069022 e-flex e-con-boxed e-con e-parent\" data-id=\"e069022\" data-element_type=\"container\" data-settings=\"{&quot;background_background&quot;:&quot;classic&quot;}\">\n\t\t\t\t\t<div class=\"e-con-inner\">\n\t\t<div class=\"elementor-element elementor-element-a0e2cb7 e-con-full e-flex e-con e-child\" data-id=\"a0e2cb7\" data-element_type=\"container\">\n\t\t\t\t<div class=\"elementor-element elementor-element-3fd9366 elementor-widget elementor-widget-image\" data-id=\"3fd9366\" data-element_type=\"widget\" data-widget_type=\"image.default\">\n\t\t\t\t<div class=\"elementor-widget-container\">\n\t\t\t\t\t\t\t\t\t\t\t\t\t<img loading=\"lazy\" decoding=\"async\" width=\"550\" height=\"720\" data-src=\"https:\/\/linkeducation.ca\/study\/wp-content\/uploads\/2024\/07\/FAVICON-LETS-STUDY_6.png\" class=\"attachment-full size-full wp-image-19859 lazyload\" alt=\"\" data-srcset=\"https:\/\/linkeducation.ca\/study\/wp-content\/uploads\/2024\/07\/FAVICON-LETS-STUDY_6.png 550w, https:\/\/linkeducation.ca\/study\/wp-content\/uploads\/2024\/07\/FAVICON-LETS-STUDY_6-229x300.png 229w\" data-sizes=\"(max-width: 550px) 100vw, 550px\" src=\"data:image\/gif;base64,R0lGODlhAQABAAAAACH5BAEKAAEALAAAAAABAAEAAAICTAEAOw==\" style=\"--smush-placeholder-width: 550px; --smush-placeholder-aspect-ratio: 550\/720;\" \/><noscript><img loading=\"lazy\" decoding=\"async\" width=\"550\" height=\"720\" src=\"https:\/\/linkeducation.ca\/study\/wp-content\/uploads\/2024\/07\/FAVICON-LETS-STUDY_6.png\" class=\"attachment-full size-full wp-image-19859\" alt=\"\" srcset=\"https:\/\/linkeducation.ca\/study\/wp-content\/uploads\/2024\/07\/FAVICON-LETS-STUDY_6.png 550w, https:\/\/linkeducation.ca\/study\/wp-content\/uploads\/2024\/07\/FAVICON-LETS-STUDY_6-229x300.png 229w\" sizes=\"(max-width: 550px) 100vw, 550px\" \/><\/noscript>\t\t\t\t\t\t\t\t\t\t\t\t\t<\/div>\n\t\t\t\t<\/div>\n\t\t\t\t<\/div>\n\t\t<div class=\"elementor-element elementor-element-ec713f5 e-con-full e-flex e-con e-child\" data-id=\"ec713f5\" data-element_type=\"container\">\n\t\t\t\t<div class=\"elementor-element elementor-element-3056605 elementor-widget elementor-widget-heading\" data-id=\"3056605\" data-element_type=\"widget\" data-widget_type=\"heading.default\">\n\t\t\t\t<div class=\"elementor-widget-container\">\n\t\t\t<h2 class=\"elementor-heading-title elementor-size-default\">\u00a1DA EL PRIMER PASO<br>\nPARA CUMPLIR TUS SUE\u00d1OS<\/h2>\t\t<\/div>\n\t\t\t\t<\/div>\n\t\t\t\t<div class=\"elementor-element elementor-element-a96dbb4 elementor-widget elementor-widget-edublink-button\" data-id=\"a96dbb4\" data-element_type=\"widget\" data-widget_type=\"edublink-button.default\">\n\t\t\t\t<div class=\"elementor-widget-container\">\n\t\t\t<div class=\"edublink-button-widget-wrapper\"><a class=\"edublink-button-item edublink-button-style-two edublink-button-size-custom edublink-button-icon-position-after default-style\" href=\"https:\/\/linkeducation.ca\/study\/asesorias\/\">\u00a1Empieza ahora!<i class=\"icon-4\"><\/i><\/a><\/div>\t\t<\/div>\n\t\t\t\t<\/div>\n\t\t\t\t<\/div>\n\t\t\t\t\t<\/div>\n\t\t\t\t<\/div>\n\t\t\t\t<\/div>\n\t\t","protected":false},"excerpt":{"rendered":"<p>COLLEGE ACSENDA SCHOOLOF MANAGEMENT Acsenda School of Management es una instituci\u00f3n privada con fines de lucro con sede en Vancouver. El campus actual est\u00e1 ubicado en 666 Burrard Street.\u00a0 La instituci\u00f3n cuenta con el consentimiento del Ministro de Educaci\u00f3n Avanzada para ofrecer los programas de Licenciatura en Administraci\u00f3n de Empresas (BBA) y Licenciatura en Administraci\u00f3n&#8230;<\/p>\n","protected":false},"author":1,"featured_media":0,"parent":10337,"menu_order":0,"comment_status":"closed","ping_status":"closed","template":"","meta":{"inline_featured_image":false,"footnotes":""},"class_list":["post-20001","page","type-page","status-publish","hentry"],"_links":{"self":[{"href":"https:\/\/linkeducation.ca\/study\/wp-json\/wp\/v2\/pages\/20001"}],"collection":[{"href":"https:\/\/linkeducation.ca\/study\/wp-json\/wp\/v2\/pages"}],"about":[{"href":"https:\/\/linkeducation.ca\/study\/wp-json\/wp\/v2\/types\/page"}],"author":[{"embeddable":true,"href":"https:\/\/linkeducation.ca\/study\/wp-json\/wp\/v2\/users\/1"}],"replies":[{"embeddable":true,"href":"https:\/\/linkeducation.ca\/study\/wp-json\/wp\/v2\/comments?post=20001"}],"version-history":[{"count":0,"href":"https:\/\/linkeducation.ca\/study\/wp-json\/wp\/v2\/pages\/20001\/revisions"}],"up":[{"embeddable":true,"href":"https:\/\/linkeducation.ca\/study\/wp-json\/wp\/v2\/pages\/10337"}],"wp:attachment":[{"href":"https:\/\/linkeducation.ca\/study\/wp-json\/wp\/v2\/media?parent=20001"}],"curies":[{"name":"wp","href":"https:\/\/api.w.org\/{rel}","templated":true}]}}